{"id":3633,"date":"2014-08-16T12:58:55","date_gmt":"2014-08-16T12:58:55","guid":{"rendered":"https:\/\/formrise.com\/deployment\/portfolio\/portfolio-solution-engineering"},"modified":"2015-03-01T23:47:30","modified_gmt":"2015-03-01T21:47:30","slug":"solution-engineering","status":"publish","type":"page","link":"https:\/\/formrise.com\/en\/portfolio\/solution-engineering","title":{"rendered":"Solution Engineering"},"content":{"rendered":"<div class=\"flex_column av_one_full  flex_column_div first  \" ><div class='avia-image-container  av-styling-    avia-align-center '  itemprop=\"ImageObject\" itemscope=\"itemscope\" itemtype=\"https:\/\/schema.org\/ImageObject\"  ><div class='avia-image-container-inner'><div class='avia-image-overlay-wrap'><img class='avia_image ' src='https:\/\/formrise.com\/deployment\/wp-content\/uploads\/2014\/08\/cinema4d2-original_67619_by-schnubbii_piqs_de1030x360.jpg' alt='' title='Solution Engineering' height=\"360\"width=\"1030\"  itemprop=\"thumbnailUrl\"  \/><\/div><\/div><\/div><\/div>\n<div class=\"flex_column av_one_third  flex_column_div first  \" ><p><div style='padding-bottom:10px; ' class='av-special-heading av-special-heading-h3 meta-heading   '><h3 class='av-special-heading-tag '  itemprop=\"headline\"  >Solution Engineering<\/h3><div class='special-heading-border'><div class='special-heading-inner-border' ><\/div><\/div><\/div><br \/>\n<section class=\"av_textblock_section \"  itemscope=\"itemscope\" itemtype=\"https:\/\/schema.org\/CreativeWork\" ><div class='avia_textblock  '   itemprop=\"text\" ><p>Die Komplexit\u00e4t eines Bauteils muss sich nicht mehr nach dem Herstellungsverfahren richten, sondern nach der gew\u00fcnschten Funktion und dem Design des Produkts. Die innovative Technologie bietet die Basis f\u00fcr <strong>gr\u00f6\u00dftm\u00f6gliche Konstruktionsfreiheit<\/strong> komplexer Strukturen <strong>ohne zus\u00e4tzliche Kostentreiber.<\/strong><\/p>\n<\/div><\/section><\/p><\/div><div class=\"flex_column av_two_third  flex_column_div   \" ><div class=\"tabcontainer   top_tab  \">\n\n<section class=\"av_tab_section\"  itemscope=\"itemscope\" itemtype=\"https:\/\/schema.org\/CreativeWork\" >    <div data-fake-id=\"#tab-id-1\" class=\"tab active_tab\"  itemprop=\"headline\" >Details<\/div>\n    <div id=\"tab-id-1-container\" class=\"tab_content active_tab_content\">\n        <div class=\"tab_inner_content invers-color\"  itemprop=\"text\" >\n<p>Die Vorteile der Additiven Fertigung werden durch unser Spezialwissen zu ihrem Wettbewerbsvorteil.<\/p>\n<p>Kostenrelevant ist fast ausschlie\u00dflich die Gesamtgr\u00f6\u00dfe der Au\u00dfengeometrie eines Bauteils. Seine Komplexit\u00e4t spielt f\u00fcr die Produktionskosten dagegen kaum eine Rolle. H\u00e4ufig lassen sich aufgrund des geringeren Materialverbrauchs und eines intelligenten Designs attraktive Kostenvorteile realisieren.<\/p>\n<p>Wir unterst\u00fctzen Sie in jeder Phase des Produktentstehungsprozesses bei der Auslegung des richtigen Designs und bringen unser Know-how in eine kosten- und materialoptimierte Produktentwicklung ein. Dabei steht die Funktionsorientierung immer im Mittelpunkt unsers Denken und Handelns.<\/p>\n<p>Sie haben bereits eine bestehende Konstruktion? Gerne pr\u00fcfen und optimieren wir Ihre Auslegung im Hinblick auf Potentiale und die speziellen Fertigungsanforderungen der Technologie.<\/p>\n\n        <\/div>\n    <\/div>\n<\/section>\n\n<section class=\"av_tab_section\"  itemscope=\"itemscope\" itemtype=\"https:\/\/schema.org\/CreativeWork\" >    <div data-fake-id=\"#tab-id-2\" class=\"tab \"  itemprop=\"headline\" >Nutzen<\/div>\n    <div id=\"tab-id-2-container\" class=\"tab_content \">\n        <div class=\"tab_inner_content invers-color\"  itemprop=\"text\" >\n<ul>\n<li>Gewichtsreduktion<\/li>\n<li>Reduzierte Einbauma\u00dfe<\/li>\n<li>Keine Werkzeug- oder R\u00fcstkosten<\/li>\n<li>Kundenindividuelle Bauteile<\/li>\n<li>Zusammenf\u00fchrung von Baugruppen<\/li>\n<li>Bionische Strukturen<\/li>\n<\/ul>\n\n        <\/div>\n    <\/div>\n<\/section>\n\n<\/div><\/div><\/p>\n","protected":false},"excerpt":{"rendered":"","protected":false},"author":1,"featured_media":0,"parent":3618,"menu_order":0,"comment_status":"open","ping_status":"open","template":"","meta":[],"yoast_head":"<!-- This site is optimized with the Yoast SEO plugin v19.9 - https:\/\/yoast.com\/wordpress\/plugins\/seo\/ -->\n<title>Solution Engineering - FORMRISE<\/title>\n<meta name=\"description\" content=\"Solution Engineering \u2013 the complexity of a component can be adjusted to fulfil the desired function and design!\" \/>\n<meta name=\"robots\" content=\"index, follow, max-snippet:-1, max-image-preview:large, max-video-preview:-1\" \/>\n<link rel=\"canonical\" href=\"https:\/\/formrise.com\/en\/portfolio\/solution-engineering\" \/>\n<meta property=\"og:locale\" content=\"en_US\" \/>\n<meta property=\"og:type\" content=\"article\" \/>\n<meta property=\"og:title\" content=\"Solution Engineering - FORMRISE\" \/>\n<meta property=\"og:description\" content=\"Solution Engineering \u2013 the complexity of a component can be adjusted to fulfil the desired function and design!\" \/>\n<meta property=\"og:url\" content=\"https:\/\/formrise.com\/en\/portfolio\/solution-engineering\" \/>\n<meta property=\"og:site_name\" content=\"FORMRISE\" \/>\n<meta property=\"article:publisher\" content=\"http:\/\/www.facebook.com\/formrise\" \/>\n<meta property=\"article:modified_time\" content=\"2015-03-01T21:47:30+00:00\" \/>\n<meta name=\"twitter:label1\" content=\"Est. reading time\" \/>\n\t<meta name=\"twitter:data1\" content=\"2 minutes\" \/>\n<script type=\"application\/ld+json\" class=\"yoast-schema-graph\">{\"@context\":\"https:\/\/schema.org\",\"@graph\":[{\"@type\":\"WebPage\",\"@id\":\"https:\/\/formrise.com\/en\/portfolio\/solution-engineering\",\"url\":\"https:\/\/formrise.com\/en\/portfolio\/solution-engineering\",\"name\":\"Solution Engineering - FORMRISE\",\"isPartOf\":{\"@id\":\"https:\/\/formrise.com\/#website\"},\"datePublished\":\"2014-08-16T12:58:55+00:00\",\"dateModified\":\"2015-03-01T21:47:30+00:00\",\"description\":\"Solution Engineering \u2013 the complexity of a component can be adjusted to fulfil the desired function and design!\",\"breadcrumb\":{\"@id\":\"https:\/\/formrise.com\/en\/portfolio\/solution-engineering#breadcrumb\"},\"inLanguage\":\"en-US\",\"potentialAction\":[{\"@type\":\"ReadAction\",\"target\":[\"https:\/\/formrise.com\/en\/portfolio\/solution-engineering\"]}]},{\"@type\":\"BreadcrumbList\",\"@id\":\"https:\/\/formrise.com\/en\/portfolio\/solution-engineering#breadcrumb\",\"itemListElement\":[{\"@type\":\"ListItem\",\"position\":1,\"name\":\"Home\",\"item\":\"https:\/\/formrise.com\/en\"},{\"@type\":\"ListItem\",\"position\":2,\"name\":\"Portfolio\",\"item\":\"https:\/\/formrise.com\/en\/portfolio\"},{\"@type\":\"ListItem\",\"position\":3,\"name\":\"Solution Engineering\"}]},{\"@type\":\"WebSite\",\"@id\":\"https:\/\/formrise.com\/#website\",\"url\":\"https:\/\/formrise.com\/\",\"name\":\"FORMRISE\",\"description\":\"3D Solutions, Prototyping, Additive Manufacturing, Lasersintering\",\"publisher\":{\"@id\":\"https:\/\/formrise.com\/#organization\"},\"potentialAction\":[{\"@type\":\"SearchAction\",\"target\":{\"@type\":\"EntryPoint\",\"urlTemplate\":\"https:\/\/formrise.com\/?s={search_term_string}\"},\"query-input\":\"required name=search_term_string\"}],\"inLanguage\":\"en-US\"},{\"@type\":\"Organization\",\"@id\":\"https:\/\/formrise.com\/#organization\",\"name\":\"FORMRISE\",\"url\":\"https:\/\/formrise.com\/\",\"logo\":{\"@type\":\"ImageObject\",\"inLanguage\":\"en-US\",\"@id\":\"https:\/\/formrise.com\/#\/schema\/logo\/image\/\",\"url\":\"https:\/\/formrise.com\/deployment\/wp-content\/uploads\/2017\/04\/FR_65x53.jpg\",\"contentUrl\":\"https:\/\/formrise.com\/deployment\/wp-content\/uploads\/2017\/04\/FR_65x53.jpg\",\"width\":65,\"height\":53,\"caption\":\"FORMRISE\"},\"image\":{\"@id\":\"https:\/\/formrise.com\/#\/schema\/logo\/image\/\"},\"sameAs\":[\"https:\/\/www.xing.com\/companies\/formrisegmbh\",\"http:\/\/www.facebook.com\/formrise\",\"https:\/\/twitter.com\/FORMRISE\"]}]}<\/script>\n<!-- \/ Yoast SEO plugin. -->","yoast_head_json":{"title":"Solution Engineering - FORMRISE","description":"Solution Engineering \u2013 the complexity of a component can be adjusted to fulfil the desired function and design!","robots":{"index":"index","follow":"follow","max-snippet":"max-snippet:-1","max-image-preview":"max-image-preview:large","max-video-preview":"max-video-preview:-1"},"canonical":"https:\/\/formrise.com\/en\/portfolio\/solution-engineering","og_locale":"en_US","og_type":"article","og_title":"Solution Engineering - FORMRISE","og_description":"Solution Engineering \u2013 the complexity of a component can be adjusted to fulfil the desired function and design!","og_url":"https:\/\/formrise.com\/en\/portfolio\/solution-engineering","og_site_name":"FORMRISE","article_publisher":"http:\/\/www.facebook.com\/formrise","article_modified_time":"2015-03-01T21:47:30+00:00","twitter_misc":{"Est. reading time":"2 minutes"},"schema":{"@context":"https:\/\/schema.org","@graph":[{"@type":"WebPage","@id":"https:\/\/formrise.com\/en\/portfolio\/solution-engineering","url":"https:\/\/formrise.com\/en\/portfolio\/solution-engineering","name":"Solution Engineering - FORMRISE","isPartOf":{"@id":"https:\/\/formrise.com\/#website"},"datePublished":"2014-08-16T12:58:55+00:00","dateModified":"2015-03-01T21:47:30+00:00","description":"Solution Engineering \u2013 the complexity of a component can be adjusted to fulfil the desired function and design!","breadcrumb":{"@id":"https:\/\/formrise.com\/en\/portfolio\/solution-engineering#breadcrumb"},"inLanguage":"en-US","potentialAction":[{"@type":"ReadAction","target":["https:\/\/formrise.com\/en\/portfolio\/solution-engineering"]}]},{"@type":"BreadcrumbList","@id":"https:\/\/formrise.com\/en\/portfolio\/solution-engineering#breadcrumb","itemListElement":[{"@type":"ListItem","position":1,"name":"Home","item":"https:\/\/formrise.com\/en"},{"@type":"ListItem","position":2,"name":"Portfolio","item":"https:\/\/formrise.com\/en\/portfolio"},{"@type":"ListItem","position":3,"name":"Solution Engineering"}]},{"@type":"WebSite","@id":"https:\/\/formrise.com\/#website","url":"https:\/\/formrise.com\/","name":"FORMRISE","description":"3D Solutions, Prototyping, Additive Manufacturing, Lasersintering","publisher":{"@id":"https:\/\/formrise.com\/#organization"},"potentialAction":[{"@type":"SearchAction","target":{"@type":"EntryPoint","urlTemplate":"https:\/\/formrise.com\/?s={search_term_string}"},"query-input":"required name=search_term_string"}],"inLanguage":"en-US"},{"@type":"Organization","@id":"https:\/\/formrise.com\/#organization","name":"FORMRISE","url":"https:\/\/formrise.com\/","logo":{"@type":"ImageObject","inLanguage":"en-US","@id":"https:\/\/formrise.com\/#\/schema\/logo\/image\/","url":"https:\/\/formrise.com\/deployment\/wp-content\/uploads\/2017\/04\/FR_65x53.jpg","contentUrl":"https:\/\/formrise.com\/deployment\/wp-content\/uploads\/2017\/04\/FR_65x53.jpg","width":65,"height":53,"caption":"FORMRISE"},"image":{"@id":"https:\/\/formrise.com\/#\/schema\/logo\/image\/"},"sameAs":["https:\/\/www.xing.com\/companies\/formrisegmbh","http:\/\/www.facebook.com\/formrise","https:\/\/twitter.com\/FORMRISE"]}]}},"_links":{"self":[{"href":"https:\/\/formrise.com\/en\/wp-json\/wp\/v2\/pages\/3633"}],"collection":[{"href":"https:\/\/formrise.com\/en\/wp-json\/wp\/v2\/pages"}],"about":[{"href":"https:\/\/formrise.com\/en\/wp-json\/wp\/v2\/types\/page"}],"author":[{"embeddable":true,"href":"https:\/\/formrise.com\/en\/wp-json\/wp\/v2\/users\/1"}],"replies":[{"embeddable":true,"href":"https:\/\/formrise.com\/en\/wp-json\/wp\/v2\/comments?post=3633"}],"version-history":[{"count":2,"href":"https:\/\/formrise.com\/en\/wp-json\/wp\/v2\/pages\/3633\/revisions"}],"predecessor-version":[{"id":3635,"href":"https:\/\/formrise.com\/en\/wp-json\/wp\/v2\/pages\/3633\/revisions\/3635"}],"up":[{"embeddable":true,"href":"https:\/\/formrise.com\/en\/wp-json\/wp\/v2\/pages\/3618"}],"wp:attachment":[{"href":"https:\/\/formrise.com\/en\/wp-json\/wp\/v2\/media?parent=3633"}],"curies":[{"name":"wp","href":"https:\/\/api.w.org\/{rel}","templated":true}]}}