{"id":3630,"date":"2014-08-16T13:46:40","date_gmt":"2014-08-16T13:46:40","guid":{"rendered":"https:\/\/formrise.com\/deployment\/portfolio\/prototyping"},"modified":"2015-03-01T23:48:08","modified_gmt":"2015-03-01T21:48:08","slug":"prototyping","status":"publish","type":"page","link":"https:\/\/formrise.com\/en\/portfolio\/prototyping","title":{"rendered":"Prototyping"},"content":{"rendered":"<div class=\"flex_column av_one_full  flex_column_div first  \" ><div class='avia-image-container  av-styling-    avia-align-center '  itemprop=\"ImageObject\" itemscope=\"itemscope\" itemtype=\"https:\/\/schema.org\/ImageObject\"  ><div class='avia-image-container-inner'><div class='avia-image-overlay-wrap'><img class='avia_image ' src='https:\/\/formrise.com\/deployment\/wp-content\/uploads\/2014\/08\/pict0052-original_15148_by-bosbachos_piqs_de1030x360.jpg' alt='' title='Prototyping' height=\"360\"width=\"1030\"  itemprop=\"thumbnailUrl\"  \/><\/div><\/div><\/div><\/div>\n<div class=\"flex_column av_one_third  flex_column_div first  \" ><p><div style='padding-bottom:10px; ' class='av-special-heading av-special-heading-h3 meta-heading   '><h3 class='av-special-heading-tag '  itemprop=\"headline\"  >Prototyping<\/h3><div class='special-heading-border'><div class='special-heading-inner-border' ><\/div><\/div><\/div><br \/>\n<section class=\"av_textblock_section \"  itemscope=\"itemscope\" itemtype=\"https:\/\/schema.org\/CreativeWork\" ><div class='avia_textblock  '   itemprop=\"text\" ><p>Konstruktive Defizite zeigen sich meist erst am tats\u00e4chlichen Objekt und nicht in einer 3D-Zeichnung.<\/p>\n<p>Ein gro\u00dfer Vorteil der Additiven Fertigung ist es, sehr einfach von der Konstruktion zum Prototypenbau zu gelangen, da die Produktion unmittelbar auf Basis der digitalen 3D-Daten erfolgt. Anwender k\u00f6nnen dadurch schnell seriennahe Tests durchf\u00fchren und Prototypen anhand der Ergebnisse optimieren<\/p>\n<\/div><\/section><\/p><\/div>\n<div class=\"flex_column av_two_third  flex_column_div   \" ><div class=\"tabcontainer   top_tab  \">\n\n<section class=\"av_tab_section\"  itemscope=\"itemscope\" itemtype=\"https:\/\/schema.org\/CreativeWork\" >    <div data-fake-id=\"#tab-id-1\" class=\"tab active_tab\"  itemprop=\"headline\" >Details<\/div>\n    <div id=\"tab-id-1-container\" class=\"tab_content active_tab_content\">\n        <div class=\"tab_inner_content invers-color\"  itemprop=\"text\" >\n<p><strong>FORMRISE<\/strong> liefert das perfekte technische Prototypenbauteil, Messemodell oder Anschauungsobjekt mit allen erforderlichen Nachbearbeitungsschritten.<\/p>\n<p>Neben Lasersinterteilen k\u00f6nnen alle g\u00e4ngigen, per 3D-Druck oder stereolithographisch hergestellten Bauteile, angeboten werden. Wir verf\u00fcgen daf\u00fcr \u00fcber ein hervorragendes Partnernetzwerk und w\u00e4hlen aufgrund unseres langj\u00e4hrigen Spezialwissens das optimale Fertigungsverfahren f\u00fcr Sie aus.<\/p>\n<p>Ob spezifikationsabh\u00e4ngige Empfehlung zur Werkstoffauswahl, Alternativen des Finishings oder Fertigmontage von Baugruppen &#8211; wir haben die Antwort auf Ihre Fragestellung.<\/p>\n<p>Auf Wunsch werden anschlie\u00dfend eine Design\u00fcberpr\u00fcfung, technische \u00dcberpr\u00fcfung der Bauteile sowie Funktionstests durchgef\u00fchrt.<\/p>\n\n        <\/div>\n    <\/div>\n<\/section>\n\n<\/div><\/div>\n","protected":false},"excerpt":{"rendered":"","protected":false},"author":1,"featured_media":0,"parent":3618,"menu_order":0,"comment_status":"open","ping_status":"closed","template":"","meta":[],"yoast_head":"<!-- This site is optimized with the Yoast SEO plugin v19.9 - https:\/\/yoast.com\/wordpress\/plugins\/seo\/ -->\n<title>Prototyping - FORMRISE<\/title>\n<meta name=\"description\" content=\"Prototyping \u2014additive manufacturing turns your digital 3D design quickly and easily into a prototype!\" \/>\n<meta name=\"robots\" content=\"index, follow, max-snippet:-1, max-image-preview:large, max-video-preview:-1\" \/>\n<link rel=\"canonical\" href=\"https:\/\/formrise.com\/en\/portfolio\/prototyping\" \/>\n<meta property=\"og:locale\" content=\"en_US\" \/>\n<meta property=\"og:type\" content=\"article\" \/>\n<meta property=\"og:title\" content=\"Prototyping - FORMRISE\" \/>\n<meta property=\"og:description\" content=\"Prototyping \u2014additive manufacturing turns your digital 3D design quickly and easily into a prototype!\" \/>\n<meta property=\"og:url\" content=\"https:\/\/formrise.com\/en\/portfolio\/prototyping\" \/>\n<meta property=\"og:site_name\" content=\"FORMRISE\" \/>\n<meta property=\"article:publisher\" content=\"http:\/\/www.facebook.com\/formrise\" \/>\n<meta property=\"article:modified_time\" content=\"2015-03-01T21:48:08+00:00\" \/>\n<meta name=\"twitter:label1\" content=\"Est. reading time\" \/>\n\t<meta name=\"twitter:data1\" content=\"1 minute\" \/>\n<script type=\"application\/ld+json\" class=\"yoast-schema-graph\">{\"@context\":\"https:\/\/schema.org\",\"@graph\":[{\"@type\":\"WebPage\",\"@id\":\"https:\/\/formrise.com\/en\/portfolio\/prototyping\",\"url\":\"https:\/\/formrise.com\/en\/portfolio\/prototyping\",\"name\":\"Prototyping - FORMRISE\",\"isPartOf\":{\"@id\":\"https:\/\/formrise.com\/#website\"},\"datePublished\":\"2014-08-16T13:46:40+00:00\",\"dateModified\":\"2015-03-01T21:48:08+00:00\",\"description\":\"Prototyping \u2014additive manufacturing turns your digital 3D design quickly and easily into a prototype!\",\"breadcrumb\":{\"@id\":\"https:\/\/formrise.com\/en\/portfolio\/prototyping#breadcrumb\"},\"inLanguage\":\"en-US\",\"potentialAction\":[{\"@type\":\"ReadAction\",\"target\":[\"https:\/\/formrise.com\/en\/portfolio\/prototyping\"]}]},{\"@type\":\"BreadcrumbList\",\"@id\":\"https:\/\/formrise.com\/en\/portfolio\/prototyping#breadcrumb\",\"itemListElement\":[{\"@type\":\"ListItem\",\"position\":1,\"name\":\"Home\",\"item\":\"https:\/\/formrise.com\/en\"},{\"@type\":\"ListItem\",\"position\":2,\"name\":\"Portfolio\",\"item\":\"https:\/\/formrise.com\/en\/portfolio\"},{\"@type\":\"ListItem\",\"position\":3,\"name\":\"Prototyping\"}]},{\"@type\":\"WebSite\",\"@id\":\"https:\/\/formrise.com\/#website\",\"url\":\"https:\/\/formrise.com\/\",\"name\":\"FORMRISE\",\"description\":\"3D Solutions, Prototyping, Additive Manufacturing, Lasersintering\",\"publisher\":{\"@id\":\"https:\/\/formrise.com\/#organization\"},\"potentialAction\":[{\"@type\":\"SearchAction\",\"target\":{\"@type\":\"EntryPoint\",\"urlTemplate\":\"https:\/\/formrise.com\/?s={search_term_string}\"},\"query-input\":\"required name=search_term_string\"}],\"inLanguage\":\"en-US\"},{\"@type\":\"Organization\",\"@id\":\"https:\/\/formrise.com\/#organization\",\"name\":\"FORMRISE\",\"url\":\"https:\/\/formrise.com\/\",\"logo\":{\"@type\":\"ImageObject\",\"inLanguage\":\"en-US\",\"@id\":\"https:\/\/formrise.com\/#\/schema\/logo\/image\/\",\"url\":\"https:\/\/formrise.com\/deployment\/wp-content\/uploads\/2017\/04\/FR_65x53.jpg\",\"contentUrl\":\"https:\/\/formrise.com\/deployment\/wp-content\/uploads\/2017\/04\/FR_65x53.jpg\",\"width\":65,\"height\":53,\"caption\":\"FORMRISE\"},\"image\":{\"@id\":\"https:\/\/formrise.com\/#\/schema\/logo\/image\/\"},\"sameAs\":[\"https:\/\/www.xing.com\/companies\/formrisegmbh\",\"http:\/\/www.facebook.com\/formrise\",\"https:\/\/twitter.com\/FORMRISE\"]}]}<\/script>\n<!-- \/ Yoast SEO plugin. -->","yoast_head_json":{"title":"Prototyping - FORMRISE","description":"Prototyping \u2014additive manufacturing turns your digital 3D design quickly and easily into a prototype!","robots":{"index":"index","follow":"follow","max-snippet":"max-snippet:-1","max-image-preview":"max-image-preview:large","max-video-preview":"max-video-preview:-1"},"canonical":"https:\/\/formrise.com\/en\/portfolio\/prototyping","og_locale":"en_US","og_type":"article","og_title":"Prototyping - FORMRISE","og_description":"Prototyping \u2014additive manufacturing turns your digital 3D design quickly and easily into a prototype!","og_url":"https:\/\/formrise.com\/en\/portfolio\/prototyping","og_site_name":"FORMRISE","article_publisher":"http:\/\/www.facebook.com\/formrise","article_modified_time":"2015-03-01T21:48:08+00:00","twitter_misc":{"Est. reading time":"1 minute"},"schema":{"@context":"https:\/\/schema.org","@graph":[{"@type":"WebPage","@id":"https:\/\/formrise.com\/en\/portfolio\/prototyping","url":"https:\/\/formrise.com\/en\/portfolio\/prototyping","name":"Prototyping - FORMRISE","isPartOf":{"@id":"https:\/\/formrise.com\/#website"},"datePublished":"2014-08-16T13:46:40+00:00","dateModified":"2015-03-01T21:48:08+00:00","description":"Prototyping \u2014additive manufacturing turns your digital 3D design quickly and easily into a prototype!","breadcrumb":{"@id":"https:\/\/formrise.com\/en\/portfolio\/prototyping#breadcrumb"},"inLanguage":"en-US","potentialAction":[{"@type":"ReadAction","target":["https:\/\/formrise.com\/en\/portfolio\/prototyping"]}]},{"@type":"BreadcrumbList","@id":"https:\/\/formrise.com\/en\/portfolio\/prototyping#breadcrumb","itemListElement":[{"@type":"ListItem","position":1,"name":"Home","item":"https:\/\/formrise.com\/en"},{"@type":"ListItem","position":2,"name":"Portfolio","item":"https:\/\/formrise.com\/en\/portfolio"},{"@type":"ListItem","position":3,"name":"Prototyping"}]},{"@type":"WebSite","@id":"https:\/\/formrise.com\/#website","url":"https:\/\/formrise.com\/","name":"FORMRISE","description":"3D Solutions, Prototyping, Additive Manufacturing, Lasersintering","publisher":{"@id":"https:\/\/formrise.com\/#organization"},"potentialAction":[{"@type":"SearchAction","target":{"@type":"EntryPoint","urlTemplate":"https:\/\/formrise.com\/?s={search_term_string}"},"query-input":"required name=search_term_string"}],"inLanguage":"en-US"},{"@type":"Organization","@id":"https:\/\/formrise.com\/#organization","name":"FORMRISE","url":"https:\/\/formrise.com\/","logo":{"@type":"ImageObject","inLanguage":"en-US","@id":"https:\/\/formrise.com\/#\/schema\/logo\/image\/","url":"https:\/\/formrise.com\/deployment\/wp-content\/uploads\/2017\/04\/FR_65x53.jpg","contentUrl":"https:\/\/formrise.com\/deployment\/wp-content\/uploads\/2017\/04\/FR_65x53.jpg","width":65,"height":53,"caption":"FORMRISE"},"image":{"@id":"https:\/\/formrise.com\/#\/schema\/logo\/image\/"},"sameAs":["https:\/\/www.xing.com\/companies\/formrisegmbh","http:\/\/www.facebook.com\/formrise","https:\/\/twitter.com\/FORMRISE"]}]}},"_links":{"self":[{"href":"https:\/\/formrise.com\/en\/wp-json\/wp\/v2\/pages\/3630"}],"collection":[{"href":"https:\/\/formrise.com\/en\/wp-json\/wp\/v2\/pages"}],"about":[{"href":"https:\/\/formrise.com\/en\/wp-json\/wp\/v2\/types\/page"}],"author":[{"embeddable":true,"href":"https:\/\/formrise.com\/en\/wp-json\/wp\/v2\/users\/1"}],"replies":[{"embeddable":true,"href":"https:\/\/formrise.com\/en\/wp-json\/wp\/v2\/comments?post=3630"}],"version-history":[{"count":2,"href":"https:\/\/formrise.com\/en\/wp-json\/wp\/v2\/pages\/3630\/revisions"}],"predecessor-version":[{"id":3632,"href":"https:\/\/formrise.com\/en\/wp-json\/wp\/v2\/pages\/3630\/revisions\/3632"}],"up":[{"embeddable":true,"href":"https:\/\/formrise.com\/en\/wp-json\/wp\/v2\/pages\/3618"}],"wp:attachment":[{"href":"https:\/\/formrise.com\/en\/wp-json\/wp\/v2\/media?parent=3630"}],"curies":[{"name":"wp","href":"https:\/\/api.w.org\/{rel}","templated":true}]}}