{"id":3626,"date":"2014-08-16T16:28:32","date_gmt":"2014-08-16T16:28:32","guid":{"rendered":"https:\/\/formrise.com\/deployment\/portfolio\/manufacturing"},"modified":"2022-11-04T13:54:22","modified_gmt":"2022-11-04T11:54:22","slug":"manufacturing","status":"publish","type":"page","link":"https:\/\/formrise.com\/en\/portfolio\/manufacturing","title":{"rendered":"Manufacturing"},"content":{"rendered":"<div class=\"flex_column av_one_full  flex_column_div first  \" ><div class='avia-image-container  av-styling-    avia-align-center '  itemprop=\"ImageObject\" itemscope=\"itemscope\" itemtype=\"https:\/\/schema.org\/ImageObject\"  ><div class='avia-image-container-inner'><div class='avia-image-overlay-wrap'><img class='avia_image ' src='https:\/\/formrise.com\/deployment\/wp-content\/uploads\/2014\/08\/img_7656afertig160-original_175630_by-juergen_laufer_piqs_de1030x360.jpg' alt='' title='Manufacturing' height=\"360\"width=\"1030\"  itemprop=\"thumbnailUrl\"  \/><\/div><\/div><\/div><\/div>\n<div class=\"flex_column av_one_third  flex_column_div first  \" ><p><div style='padding-bottom:10px; ' class='av-special-heading av-special-heading-h3 meta-heading   '><h3 class='av-special-heading-tag '  itemprop=\"headline\"  >Manufacturing<\/h3><div class='special-heading-border'><div class='special-heading-inner-border' ><\/div><\/div><\/div><br \/>\n<section class=\"av_textblock_section \"  itemscope=\"itemscope\" itemtype=\"https:\/\/schema.org\/CreativeWork\" ><div class='avia_textblock  '   itemprop=\"text\" ><p>L\u00e4ngst sind es nicht mehr nur Prototypen, die sich mit Additiver Fertigung schnell und detailgetreu herstellen lassen.<\/p>\n<p>Die Additive Fertigung arbeitet <strong>werkzeuglos<\/strong> und ist dadurch st\u00fcckzahlunabh\u00e4ngig.<\/p>\n<p>Produkte lassen sich digital individualisieren und losgr\u00f6\u00dfenunabh\u00e4ngig oder sogar als Einzelanfertigung rentabel produzieren.<\/p>\n<p>Die speziellen Anforderungen an die Fertigung mit dieser High-End Technologie, sind unser Spezialgebiet.<\/p>\n<\/div><\/section><\/p><\/div>\n<div class=\"flex_column av_two_third  flex_column_div   \" ><div class=\"tabcontainer   top_tab  \">\n\n<section class=\"av_tab_section\"  itemscope=\"itemscope\" itemtype=\"https:\/\/schema.org\/CreativeWork\" >    <div data-fake-id=\"#tab-id-1\" class=\"tab active_tab\"  itemprop=\"headline\" >Details<\/div>\n    <div id=\"tab-id-1-container\" class=\"tab_content active_tab_content\">\n        <div class=\"tab_inner_content invers-color\"  itemprop=\"text\" >\n<p>Sowohl im Produkteinf\u00fchrungsprozess als auch bei unsicheren St\u00fcckzahlprognosen der Produkte lohnt sich Lasersintern als Fertigungsverfahren.<\/p>\n<p>Bei der Herstellung von Ersatzteilen (spare parts on demand) <strong>entfallen Kosten<\/strong> f\u00fcr teure Formen oder Werkzeuge und deren Lagerung und Instandhaltung.<\/p>\n<p>Den Herausforderungen des Sondermaschinenbaus wird diese innovative Technologie besonders gerecht. Produktionsfaktoren, wie geringe St\u00fcckzahl, <strong>hohe Komplexit\u00e4t<\/strong> und Kosten werden durch das Lasersinterverfahren positiv beeinflusst.<\/p>\n<p>Der Schl\u00fcssel f\u00fcr ein optimales Ergebnis ist es, Ihr Produkt und dessen <strong>Funktion <\/strong>zu <strong>verstehen <\/strong>und in einen optimalen Fertigungsprozess zu \u00fcberf\u00fchren.<\/p>\n<blockquote>\n<p>Kleine Ver\u00e4nderungen Ihres Bauteils k\u00f6nnen manchmal signifikante Verbesserungen hinsichtlich Festigkeit, Formtreue und Funktion mit sich bringen. Unser Know-how gibt Ihnen hier gr\u00f6\u00dftm\u00f6gliche Sicherheit, immer das Optimum zu erreichen.<\/p>\n<\/blockquote>\n<p>Der Fokus auf Qualit\u00e4t bei FORMRISE bedeutet f\u00fcr Sie: Reproduzierbarkeit, optimale Materialeigenschaften und h\u00f6chstm\u00f6gliche Ma\u00dfhaltigkeit Ihrer Bauteile.<\/p>\n<p>Daf\u00fcr nutzen wir <strong>Lasersinteranlagen der neuesten Generation<\/strong>.<\/p>\n\n        <\/div>\n    <\/div>\n<\/section>\n\n<section class=\"av_tab_section\"  itemscope=\"itemscope\" itemtype=\"https:\/\/schema.org\/CreativeWork\" >    <div data-fake-id=\"#tab-id-2\" class=\"tab \"  itemprop=\"headline\" >Nutzen<\/div>\n    <div id=\"tab-id-2-container\" class=\"tab_content \">\n        <div class=\"tab_inner_content invers-color\"  itemprop=\"text\" >\n<ul>\n<li>Komplexe Bauteile in kleinen St\u00fcckzahlen<\/li>\n<li>Werkzeuglose Serienproduktion<\/li>\n<li>Ersatzteilfertigung<\/li>\n<li>Gewichtsreduktion Ihrer Baugruppen<\/li>\n<li>Funktionsintegration<\/li>\n<\/ul>\n\n        <\/div>\n    <\/div>\n<\/section>\n\n<\/div><\/div>\n","protected":false},"excerpt":{"rendered":"","protected":false},"author":1,"featured_media":0,"parent":3618,"menu_order":0,"comment_status":"open","ping_status":"closed","template":"","meta":[],"yoast_head":"<!-- This site is optimized with the Yoast SEO plugin v19.9 - https:\/\/yoast.com\/wordpress\/plugins\/seo\/ -->\n<title>Manufacturing - FORMRISE<\/title>\n<meta name=\"description\" content=\"Manufacturing \u2013 the days are long gone when prototypes were the only thing that could be produced quickly and accurately with additive manufacturing.\" \/>\n<meta name=\"robots\" content=\"index, follow, max-snippet:-1, max-image-preview:large, max-video-preview:-1\" \/>\n<link rel=\"canonical\" href=\"https:\/\/formrise.com\/en\/portfolio\/manufacturing\" \/>\n<meta property=\"og:locale\" content=\"en_US\" \/>\n<meta property=\"og:type\" content=\"article\" \/>\n<meta property=\"og:title\" content=\"Manufacturing - FORMRISE\" \/>\n<meta property=\"og:description\" content=\"Manufacturing \u2013 the days are long gone when prototypes were the only thing that could be produced quickly and accurately with additive manufacturing.\" \/>\n<meta property=\"og:url\" content=\"https:\/\/formrise.com\/en\/portfolio\/manufacturing\" \/>\n<meta property=\"og:site_name\" content=\"FORMRISE\" \/>\n<meta property=\"article:publisher\" content=\"http:\/\/www.facebook.com\/formrise\" \/>\n<meta property=\"article:modified_time\" content=\"2022-11-04T11:54:22+00:00\" \/>\n<meta name=\"twitter:label1\" content=\"Est. reading time\" \/>\n\t<meta name=\"twitter:data1\" content=\"2 minutes\" \/>\n<script type=\"application\/ld+json\" class=\"yoast-schema-graph\">{\"@context\":\"https:\/\/schema.org\",\"@graph\":[{\"@type\":\"WebPage\",\"@id\":\"https:\/\/formrise.com\/en\/portfolio\/manufacturing\",\"url\":\"https:\/\/formrise.com\/en\/portfolio\/manufacturing\",\"name\":\"Manufacturing - FORMRISE\",\"isPartOf\":{\"@id\":\"https:\/\/formrise.com\/#website\"},\"datePublished\":\"2014-08-16T16:28:32+00:00\",\"dateModified\":\"2022-11-04T11:54:22+00:00\",\"description\":\"Manufacturing \u2013 the days are long gone when prototypes were the only thing that could be produced quickly and accurately with additive manufacturing.\",\"breadcrumb\":{\"@id\":\"https:\/\/formrise.com\/en\/portfolio\/manufacturing#breadcrumb\"},\"inLanguage\":\"en-US\",\"potentialAction\":[{\"@type\":\"ReadAction\",\"target\":[\"https:\/\/formrise.com\/en\/portfolio\/manufacturing\"]}]},{\"@type\":\"BreadcrumbList\",\"@id\":\"https:\/\/formrise.com\/en\/portfolio\/manufacturing#breadcrumb\",\"itemListElement\":[{\"@type\":\"ListItem\",\"position\":1,\"name\":\"Home\",\"item\":\"https:\/\/formrise.com\/en\"},{\"@type\":\"ListItem\",\"position\":2,\"name\":\"Portfolio\",\"item\":\"https:\/\/formrise.com\/en\/portfolio\"},{\"@type\":\"ListItem\",\"position\":3,\"name\":\"Manufacturing\"}]},{\"@type\":\"WebSite\",\"@id\":\"https:\/\/formrise.com\/#website\",\"url\":\"https:\/\/formrise.com\/\",\"name\":\"FORMRISE\",\"description\":\"3D Solutions, Prototyping, Additive Manufacturing, Lasersintering\",\"publisher\":{\"@id\":\"https:\/\/formrise.com\/#organization\"},\"potentialAction\":[{\"@type\":\"SearchAction\",\"target\":{\"@type\":\"EntryPoint\",\"urlTemplate\":\"https:\/\/formrise.com\/?s={search_term_string}\"},\"query-input\":\"required name=search_term_string\"}],\"inLanguage\":\"en-US\"},{\"@type\":\"Organization\",\"@id\":\"https:\/\/formrise.com\/#organization\",\"name\":\"FORMRISE\",\"url\":\"https:\/\/formrise.com\/\",\"logo\":{\"@type\":\"ImageObject\",\"inLanguage\":\"en-US\",\"@id\":\"https:\/\/formrise.com\/#\/schema\/logo\/image\/\",\"url\":\"https:\/\/formrise.com\/deployment\/wp-content\/uploads\/2017\/04\/FR_65x53.jpg\",\"contentUrl\":\"https:\/\/formrise.com\/deployment\/wp-content\/uploads\/2017\/04\/FR_65x53.jpg\",\"width\":65,\"height\":53,\"caption\":\"FORMRISE\"},\"image\":{\"@id\":\"https:\/\/formrise.com\/#\/schema\/logo\/image\/\"},\"sameAs\":[\"https:\/\/www.xing.com\/companies\/formrisegmbh\",\"http:\/\/www.facebook.com\/formrise\",\"https:\/\/twitter.com\/FORMRISE\"]}]}<\/script>\n<!-- \/ Yoast SEO plugin. -->","yoast_head_json":{"title":"Manufacturing - FORMRISE","description":"Manufacturing \u2013 the days are long gone when prototypes were the only thing that could be produced quickly and accurately with additive manufacturing.","robots":{"index":"index","follow":"follow","max-snippet":"max-snippet:-1","max-image-preview":"max-image-preview:large","max-video-preview":"max-video-preview:-1"},"canonical":"https:\/\/formrise.com\/en\/portfolio\/manufacturing","og_locale":"en_US","og_type":"article","og_title":"Manufacturing - FORMRISE","og_description":"Manufacturing \u2013 the days are long gone when prototypes were the only thing that could be produced quickly and accurately with additive manufacturing.","og_url":"https:\/\/formrise.com\/en\/portfolio\/manufacturing","og_site_name":"FORMRISE","article_publisher":"http:\/\/www.facebook.com\/formrise","article_modified_time":"2022-11-04T11:54:22+00:00","twitter_misc":{"Est. reading time":"2 minutes"},"schema":{"@context":"https:\/\/schema.org","@graph":[{"@type":"WebPage","@id":"https:\/\/formrise.com\/en\/portfolio\/manufacturing","url":"https:\/\/formrise.com\/en\/portfolio\/manufacturing","name":"Manufacturing - FORMRISE","isPartOf":{"@id":"https:\/\/formrise.com\/#website"},"datePublished":"2014-08-16T16:28:32+00:00","dateModified":"2022-11-04T11:54:22+00:00","description":"Manufacturing \u2013 the days are long gone when prototypes were the only thing that could be produced quickly and accurately with additive manufacturing.","breadcrumb":{"@id":"https:\/\/formrise.com\/en\/portfolio\/manufacturing#breadcrumb"},"inLanguage":"en-US","potentialAction":[{"@type":"ReadAction","target":["https:\/\/formrise.com\/en\/portfolio\/manufacturing"]}]},{"@type":"BreadcrumbList","@id":"https:\/\/formrise.com\/en\/portfolio\/manufacturing#breadcrumb","itemListElement":[{"@type":"ListItem","position":1,"name":"Home","item":"https:\/\/formrise.com\/en"},{"@type":"ListItem","position":2,"name":"Portfolio","item":"https:\/\/formrise.com\/en\/portfolio"},{"@type":"ListItem","position":3,"name":"Manufacturing"}]},{"@type":"WebSite","@id":"https:\/\/formrise.com\/#website","url":"https:\/\/formrise.com\/","name":"FORMRISE","description":"3D Solutions, Prototyping, Additive Manufacturing, Lasersintering","publisher":{"@id":"https:\/\/formrise.com\/#organization"},"potentialAction":[{"@type":"SearchAction","target":{"@type":"EntryPoint","urlTemplate":"https:\/\/formrise.com\/?s={search_term_string}"},"query-input":"required name=search_term_string"}],"inLanguage":"en-US"},{"@type":"Organization","@id":"https:\/\/formrise.com\/#organization","name":"FORMRISE","url":"https:\/\/formrise.com\/","logo":{"@type":"ImageObject","inLanguage":"en-US","@id":"https:\/\/formrise.com\/#\/schema\/logo\/image\/","url":"https:\/\/formrise.com\/deployment\/wp-content\/uploads\/2017\/04\/FR_65x53.jpg","contentUrl":"https:\/\/formrise.com\/deployment\/wp-content\/uploads\/2017\/04\/FR_65x53.jpg","width":65,"height":53,"caption":"FORMRISE"},"image":{"@id":"https:\/\/formrise.com\/#\/schema\/logo\/image\/"},"sameAs":["https:\/\/www.xing.com\/companies\/formrisegmbh","http:\/\/www.facebook.com\/formrise","https:\/\/twitter.com\/FORMRISE"]}]}},"_links":{"self":[{"href":"https:\/\/formrise.com\/en\/wp-json\/wp\/v2\/pages\/3626"}],"collection":[{"href":"https:\/\/formrise.com\/en\/wp-json\/wp\/v2\/pages"}],"about":[{"href":"https:\/\/formrise.com\/en\/wp-json\/wp\/v2\/types\/page"}],"author":[{"embeddable":true,"href":"https:\/\/formrise.com\/en\/wp-json\/wp\/v2\/users\/1"}],"replies":[{"embeddable":true,"href":"https:\/\/formrise.com\/en\/wp-json\/wp\/v2\/comments?post=3626"}],"version-history":[{"count":1,"href":"https:\/\/formrise.com\/en\/wp-json\/wp\/v2\/pages\/3626\/revisions"}],"predecessor-version":[{"id":3629,"href":"https:\/\/formrise.com\/en\/wp-json\/wp\/v2\/pages\/3626\/revisions\/3629"}],"up":[{"embeddable":true,"href":"https:\/\/formrise.com\/en\/wp-json\/wp\/v2\/pages\/3618"}],"wp:attachment":[{"href":"https:\/\/formrise.com\/en\/wp-json\/wp\/v2\/media?parent=3626"}],"curies":[{"name":"wp","href":"https:\/\/api.w.org\/{rel}","templated":true}]}}