{"id":3623,"date":"2014-08-16T20:19:22","date_gmt":"2014-08-16T20:19:22","guid":{"rendered":"https:\/\/formrise.com\/deployment\/portfolio\/consulting"},"modified":"2015-02-27T15:07:27","modified_gmt":"2015-02-27T13:07:27","slug":"consulting","status":"publish","type":"page","link":"https:\/\/formrise.com\/en\/portfolio\/consulting","title":{"rendered":"Consulting"},"content":{"rendered":"<div class=\"flex_column av_one_full  flex_column_div first  \" ><div class='avia-image-container  av-styling-    avia-align-center '  itemprop=\"ImageObject\" itemscope=\"itemscope\" itemtype=\"https:\/\/schema.org\/ImageObject\"  ><div class='avia-image-container-inner'><div class='avia-image-overlay-wrap'><img class='avia_image ' src='https:\/\/formrise.com\/deployment\/wp-content\/uploads\/2014\/08\/kloster-original_119493_by-swissklick_piqs_de1030x360.jpg' alt='' title='Consulting' height=\"360\"width=\"1030\"  itemprop=\"thumbnailUrl\"  \/><\/div><\/div><\/div><\/div>\n<div class=\"flex_column av_one_third  flex_column_div first  \" ><p><div style='padding-bottom:10px; ' class='av-special-heading av-special-heading-h3 meta-heading   '><h3 class='av-special-heading-tag '  itemprop=\"headline\"  >Consulting<\/h3><div class='special-heading-border'><div class='special-heading-inner-border' ><\/div><\/div><\/div><br \/>\n<section class=\"av_textblock_section \"  itemscope=\"itemscope\" itemtype=\"https:\/\/schema.org\/CreativeWork\" ><div class='avia_textblock  '   itemprop=\"text\" ><p>Mehr Wissen schafft Mehrwert.<\/p>\n<p><strong>FORMRISE <\/strong>Consulting ist auf alle Phasen der Additiven Fertigung ausgerichtet.<\/p>\n<p>Viele, heute konventionell hergestellten Bauteile bergen enormes Potential zur Kosten- und Ressourcen-Einsparung. Wir helfen dabei, diese zu identifizieren.<\/p>\n<p>Wir beraten Sie bei der Auswahl der richtigen Fertigungstechnologie und geeigneter Werkstoffe f\u00fcr Ihre Anwendung.<\/p>\n<\/div><\/section><\/p><\/div><div class=\"flex_column av_two_third  flex_column_div   \" ><div class=\"tabcontainer   top_tab  \">\n\n<section class=\"av_tab_section\"  itemscope=\"itemscope\" itemtype=\"https:\/\/schema.org\/CreativeWork\" >    <div data-fake-id=\"#tab-id-1\" class=\"tab active_tab\"  itemprop=\"headline\" >Details<\/div>\n    <div id=\"tab-id-1-container\" class=\"tab_content active_tab_content\">\n        <div class=\"tab_inner_content invers-color\"  itemprop=\"text\" >\n<p>FORMRISE zeigt Ihnen die Wertsch\u00f6pfungspotenziale der Additiven Fertigung f\u00fcr Ihr Unternehmen auf.<\/p>\n<p>Ob eine Fertigung bei Ihnen oder Outsourcing zu FORMRISE &#8211; unser hervorragendes Netzwerk in der Additiven Fertigungswelt und unser Fachwissen \u00fcber alle verf\u00fcgbaren Technologien geben Ihnen dabei <strong>maximale Sicherheit<\/strong>!<\/p>\n<p>Dar\u00fcber hinaus helfen wir Ihnen mittels <strong>Schulungen <\/strong>und <strong>Trainings<\/strong>, eine eigene <strong>Expertise <\/strong>zur optimalen Nutzung der Technologie aufzubauen.<\/p>\n<p>Sollten Sie zu einem sp\u00e4teren Zeitpunkt eine bei uns laufende Produktion in Ihr Unternehmen integrieren wollen, sind wir Ihr Partner bei der Auswahl des richtigen Systems und des n\u00f6tigen Equipments. Au\u00dferdem unterst\u00fctzen wir Sie mit <strong>Know-how-Transfer<\/strong> und Training ihrer Mitarbeiter w\u00e4hrend der Ramp-Up Phase. Damit sorgen wir f\u00fcr einen reibungslosen \u00dcbergang der Fertigung in Ihr Unternehmen.<\/p>\n<p>Unsere firmenspezifischen Schulungen und <strong>Workshops <\/strong>sind f\u00fcr Additive Fertigung optimiert.<\/p>\n<p>Zu unseren Leistungen z\u00e4hlen,<\/p>\n<ul>\n<li>spezifische Designworkshops<\/li>\n<li>Technologie Screening<\/li>\n<li>Designrichtlinien<\/li>\n<\/ul>\n\n        <\/div>\n    <\/div>\n<\/section>\n\n<\/div><\/div><\/p>\n","protected":false},"excerpt":{"rendered":"","protected":false},"author":1,"featured_media":0,"parent":3618,"menu_order":0,"comment_status":"open","ping_status":"closed","template":"","meta":[],"yoast_head":"<!-- This site is optimized with the Yoast SEO plugin v19.9 - https:\/\/yoast.com\/wordpress\/plugins\/seo\/ -->\n<title>Consulting - FORMRISE<\/title>\n<meta name=\"description\" content=\"Consulting \u2013 many conventionally produced components have hidden potential for saving costs and resources. We help you to identify them!\" \/>\n<meta name=\"robots\" content=\"index, follow, max-snippet:-1, max-image-preview:large, max-video-preview:-1\" \/>\n<link rel=\"canonical\" href=\"https:\/\/formrise.com\/en\/portfolio\/consulting\" \/>\n<meta property=\"og:locale\" content=\"en_US\" \/>\n<meta property=\"og:type\" content=\"article\" \/>\n<meta property=\"og:title\" content=\"Consulting - FORMRISE\" \/>\n<meta property=\"og:description\" content=\"Consulting \u2013 many conventionally produced components have hidden potential for saving costs and resources. We help you to identify them!\" \/>\n<meta property=\"og:url\" content=\"https:\/\/formrise.com\/en\/portfolio\/consulting\" \/>\n<meta property=\"og:site_name\" content=\"FORMRISE\" \/>\n<meta property=\"article:publisher\" content=\"http:\/\/www.facebook.com\/formrise\" \/>\n<meta property=\"article:modified_time\" content=\"2015-02-27T13:07:27+00:00\" \/>\n<meta name=\"twitter:label1\" content=\"Est. reading time\" \/>\n\t<meta name=\"twitter:data1\" content=\"2 minutes\" \/>\n<script type=\"application\/ld+json\" class=\"yoast-schema-graph\">{\"@context\":\"https:\/\/schema.org\",\"@graph\":[{\"@type\":\"WebPage\",\"@id\":\"https:\/\/formrise.com\/en\/portfolio\/consulting\",\"url\":\"https:\/\/formrise.com\/en\/portfolio\/consulting\",\"name\":\"Consulting - FORMRISE\",\"isPartOf\":{\"@id\":\"https:\/\/formrise.com\/#website\"},\"datePublished\":\"2014-08-16T20:19:22+00:00\",\"dateModified\":\"2015-02-27T13:07:27+00:00\",\"description\":\"Consulting \u2013 many conventionally produced components have hidden potential for saving costs and resources. We help you to identify them!\",\"breadcrumb\":{\"@id\":\"https:\/\/formrise.com\/en\/portfolio\/consulting#breadcrumb\"},\"inLanguage\":\"en-US\",\"potentialAction\":[{\"@type\":\"ReadAction\",\"target\":[\"https:\/\/formrise.com\/en\/portfolio\/consulting\"]}]},{\"@type\":\"BreadcrumbList\",\"@id\":\"https:\/\/formrise.com\/en\/portfolio\/consulting#breadcrumb\",\"itemListElement\":[{\"@type\":\"ListItem\",\"position\":1,\"name\":\"Home\",\"item\":\"https:\/\/formrise.com\/en\"},{\"@type\":\"ListItem\",\"position\":2,\"name\":\"Portfolio\",\"item\":\"https:\/\/formrise.com\/en\/portfolio\"},{\"@type\":\"ListItem\",\"position\":3,\"name\":\"Consulting\"}]},{\"@type\":\"WebSite\",\"@id\":\"https:\/\/formrise.com\/#website\",\"url\":\"https:\/\/formrise.com\/\",\"name\":\"FORMRISE\",\"description\":\"3D Solutions, Prototyping, Additive Manufacturing, Lasersintering\",\"publisher\":{\"@id\":\"https:\/\/formrise.com\/#organization\"},\"potentialAction\":[{\"@type\":\"SearchAction\",\"target\":{\"@type\":\"EntryPoint\",\"urlTemplate\":\"https:\/\/formrise.com\/?s={search_term_string}\"},\"query-input\":\"required name=search_term_string\"}],\"inLanguage\":\"en-US\"},{\"@type\":\"Organization\",\"@id\":\"https:\/\/formrise.com\/#organization\",\"name\":\"FORMRISE\",\"url\":\"https:\/\/formrise.com\/\",\"logo\":{\"@type\":\"ImageObject\",\"inLanguage\":\"en-US\",\"@id\":\"https:\/\/formrise.com\/#\/schema\/logo\/image\/\",\"url\":\"https:\/\/formrise.com\/deployment\/wp-content\/uploads\/2017\/04\/FR_65x53.jpg\",\"contentUrl\":\"https:\/\/formrise.com\/deployment\/wp-content\/uploads\/2017\/04\/FR_65x53.jpg\",\"width\":65,\"height\":53,\"caption\":\"FORMRISE\"},\"image\":{\"@id\":\"https:\/\/formrise.com\/#\/schema\/logo\/image\/\"},\"sameAs\":[\"https:\/\/www.xing.com\/companies\/formrisegmbh\",\"http:\/\/www.facebook.com\/formrise\",\"https:\/\/twitter.com\/FORMRISE\"]}]}<\/script>\n<!-- \/ Yoast SEO plugin. -->","yoast_head_json":{"title":"Consulting - FORMRISE","description":"Consulting \u2013 many conventionally produced components have hidden potential for saving costs and resources. We help you to identify them!","robots":{"index":"index","follow":"follow","max-snippet":"max-snippet:-1","max-image-preview":"max-image-preview:large","max-video-preview":"max-video-preview:-1"},"canonical":"https:\/\/formrise.com\/en\/portfolio\/consulting","og_locale":"en_US","og_type":"article","og_title":"Consulting - FORMRISE","og_description":"Consulting \u2013 many conventionally produced components have hidden potential for saving costs and resources. We help you to identify them!","og_url":"https:\/\/formrise.com\/en\/portfolio\/consulting","og_site_name":"FORMRISE","article_publisher":"http:\/\/www.facebook.com\/formrise","article_modified_time":"2015-02-27T13:07:27+00:00","twitter_misc":{"Est. reading time":"2 minutes"},"schema":{"@context":"https:\/\/schema.org","@graph":[{"@type":"WebPage","@id":"https:\/\/formrise.com\/en\/portfolio\/consulting","url":"https:\/\/formrise.com\/en\/portfolio\/consulting","name":"Consulting - FORMRISE","isPartOf":{"@id":"https:\/\/formrise.com\/#website"},"datePublished":"2014-08-16T20:19:22+00:00","dateModified":"2015-02-27T13:07:27+00:00","description":"Consulting \u2013 many conventionally produced components have hidden potential for saving costs and resources. We help you to identify them!","breadcrumb":{"@id":"https:\/\/formrise.com\/en\/portfolio\/consulting#breadcrumb"},"inLanguage":"en-US","potentialAction":[{"@type":"ReadAction","target":["https:\/\/formrise.com\/en\/portfolio\/consulting"]}]},{"@type":"BreadcrumbList","@id":"https:\/\/formrise.com\/en\/portfolio\/consulting#breadcrumb","itemListElement":[{"@type":"ListItem","position":1,"name":"Home","item":"https:\/\/formrise.com\/en"},{"@type":"ListItem","position":2,"name":"Portfolio","item":"https:\/\/formrise.com\/en\/portfolio"},{"@type":"ListItem","position":3,"name":"Consulting"}]},{"@type":"WebSite","@id":"https:\/\/formrise.com\/#website","url":"https:\/\/formrise.com\/","name":"FORMRISE","description":"3D Solutions, Prototyping, Additive Manufacturing, Lasersintering","publisher":{"@id":"https:\/\/formrise.com\/#organization"},"potentialAction":[{"@type":"SearchAction","target":{"@type":"EntryPoint","urlTemplate":"https:\/\/formrise.com\/?s={search_term_string}"},"query-input":"required name=search_term_string"}],"inLanguage":"en-US"},{"@type":"Organization","@id":"https:\/\/formrise.com\/#organization","name":"FORMRISE","url":"https:\/\/formrise.com\/","logo":{"@type":"ImageObject","inLanguage":"en-US","@id":"https:\/\/formrise.com\/#\/schema\/logo\/image\/","url":"https:\/\/formrise.com\/deployment\/wp-content\/uploads\/2017\/04\/FR_65x53.jpg","contentUrl":"https:\/\/formrise.com\/deployment\/wp-content\/uploads\/2017\/04\/FR_65x53.jpg","width":65,"height":53,"caption":"FORMRISE"},"image":{"@id":"https:\/\/formrise.com\/#\/schema\/logo\/image\/"},"sameAs":["https:\/\/www.xing.com\/companies\/formrisegmbh","http:\/\/www.facebook.com\/formrise","https:\/\/twitter.com\/FORMRISE"]}]}},"_links":{"self":[{"href":"https:\/\/formrise.com\/en\/wp-json\/wp\/v2\/pages\/3623"}],"collection":[{"href":"https:\/\/formrise.com\/en\/wp-json\/wp\/v2\/pages"}],"about":[{"href":"https:\/\/formrise.com\/en\/wp-json\/wp\/v2\/types\/page"}],"author":[{"embeddable":true,"href":"https:\/\/formrise.com\/en\/wp-json\/wp\/v2\/users\/1"}],"replies":[{"embeddable":true,"href":"https:\/\/formrise.com\/en\/wp-json\/wp\/v2\/comments?post=3623"}],"version-history":[{"count":2,"href":"https:\/\/formrise.com\/en\/wp-json\/wp\/v2\/pages\/3623\/revisions"}],"predecessor-version":[{"id":3625,"href":"https:\/\/formrise.com\/en\/wp-json\/wp\/v2\/pages\/3623\/revisions\/3625"}],"up":[{"embeddable":true,"href":"https:\/\/formrise.com\/en\/wp-json\/wp\/v2\/pages\/3618"}],"wp:attachment":[{"href":"https:\/\/formrise.com\/en\/wp-json\/wp\/v2\/media?parent=3623"}],"curies":[{"name":"wp","href":"https:\/\/api.w.org\/{rel}","templated":true}]}}