{"id":3615,"date":"2014-09-06T23:11:57","date_gmt":"2014-09-06T21:11:57","guid":{"rendered":"https:\/\/formrise.com\/deployment\/management-2"},"modified":"2015-02-27T14:44:17","modified_gmt":"2015-02-27T12:44:17","slug":"management","status":"publish","type":"page","link":"https:\/\/formrise.com\/en\/management","title":{"rendered":"Management"},"content":{"rendered":"<section class=\"av_textblock_section \"  itemscope=\"itemscope\" itemtype=\"https:\/\/schema.org\/CreativeWork\" ><div class='avia_textblock  '   itemprop=\"text\" ><h2 style=\"text-align: center;\">Erfahren Sie mehr \u00fcber uns<\/h2>\n<p style=\"text-align: center;\">Wir sind ein Team von engagierten Profis, bereit zu tun, was immer notwendig ist, um Sie in Ihrem Gesch\u00e4ft zu unterst\u00fctzen<\/p>\n<\/div><\/section>\n<div  class='hr hr-short hr-center  '><span class='hr-inner ' ><span class='hr-inner-style'><\/span><\/span><\/div>\n<div class=\"flex_column av_one_half  flex_column_div first  \" ><section class='avia-team-member  '  itemscope=\"itemscope\" itemtype=\"https:\/\/schema.org\/Person\" ><div class='team-img-container'><img class='avia_image avia_image_team' src='https:\/\/formrise.com\/deployment\/wp-content\/uploads\/2014\/09\/peter1500x1500.jpg' alt='Peter Spitzwieser'  itemprop=\"image\"  \/><\/div><h3 class='team-member-name'   itemprop=\"name\" >Peter Spitzwieser<\/h3><div class='team-member-job-title '   itemprop=\"jobTitle\" >Mitbegr\u00fcnder<\/div><div class='team-member-description '  itemprop=\"description\"  ><p>Zust\u00e4ndig f\u00fcr die Bereiche Technik, Marketing und Vertrieb.<\/p>\n<p>Peter Spitzwieser, 42 Jahre, hat eine technisch fundierte Ausbildung als Werkzeugmacher absolviert. Danach war er sieben Jahre im Verkauf f\u00fcr Werkzeuge t\u00e4tig. 2001 wechselte er zur EOS GmbH und war dort bis 2012 f\u00fcr den Verkauf der Lasersinteranlagen f\u00fcr S\u00fcddeutschland, \u00d6sterreich und die Schweiz zust\u00e4ndig. Parallel absolvierte er eine Ausbildung zum Marketing und Vertriebskaufmann (IHK). 2013 und 2014 arbeitet er als Branchenverk\u00e4ufer und Key Account Manager f\u00fcr Industriekunden und im produzierenden Gewerbe und konnte dabei wertvolle Marktinformationen erwerben. W\u00e4hrend seiner Zeit bei EOS erlangte er Expertenwissen in allen Belangen der generativen Fertigung und beriet Kunden und Interessenten von der Anforderungsanalyse bis zur Implementierung des 3D Druck Verfahrens.<\/p>\n<\/div><span class='hidden team-member-affiliation'  itemprop=\"affiliation\" >FORMRISE<\/span><\/section><\/div><div class=\"flex_column av_one_half  flex_column_div   \" ><section class='avia-team-member  '  itemscope=\"itemscope\" itemtype=\"https:\/\/schema.org\/Person\" ><div class='team-img-container'><img class='avia_image avia_image_team' src='https:\/\/formrise.com\/deployment\/wp-content\/uploads\/2014\/09\/robbie_1500x1500_v02.jpg' alt='Robert Razavi'  itemprop=\"image\"  \/><\/div><h3 class='team-member-name'   itemprop=\"name\" >Robert Razavi<\/h3><div class='team-member-job-title '   itemprop=\"jobTitle\" >Mitbegr\u00fcnder<\/div><div class='team-member-description '  itemprop=\"description\"  ><p>Zust\u00e4ndig f\u00fcr den operativen Betrieb und Finanzen.<\/p>\n<p>Robert Razavi spezialisierte sich fr\u00fch im Bereich Performance Management. Nach 7 Jahren bei o2 Germany wechselte Herr Razavi in die Business Intelligence (BI) \/ Datawarehouse (DHW) Consulting Branche und entschied sich im August 2008 seine T\u00e4tigkeit als Unternehmensberater im Rahmen einer Einzelunternehmung fortzuf\u00fchren. Durch seine langj\u00e4hrige Erfahrung erwarb Herr Razavi profundes Know-how in Corporate Performance Management L\u00f6sungen, Datenbanken, Gesch\u00e4ftsprozessen, Balanced Scorecarding und Unternehmensstrategien. Herr Razavi war vor der Unternehmensgr\u00fcndung beratend f\u00fcr einen Kunden im Finanzdienstleistungssektor, einem Spin-Off von Deutschlands gr\u00f6\u00dftem Versicherer, t\u00e4tig.<\/p>\n<\/div><span class='hidden team-member-affiliation'  itemprop=\"affiliation\" >FORMRISE<\/span><\/section><\/div><\/p>\n","protected":false},"excerpt":{"rendered":"","protected":false},"author":1,"featured_media":0,"parent":0,"menu_order":0,"comment_status":"open","ping_status":"open","template":"","meta":[],"yoast_head":"<!-- This site is optimized with the Yoast SEO plugin v19.9 - https:\/\/yoast.com\/wordpress\/plugins\/seo\/ -->\n<title>Management - FORMRISE<\/title>\n<meta name=\"robots\" content=\"index, follow, max-snippet:-1, max-image-preview:large, max-video-preview:-1\" \/>\n<link rel=\"canonical\" href=\"https:\/\/formrise.com\/en\/management\" \/>\n<meta property=\"og:locale\" content=\"en_US\" \/>\n<meta property=\"og:type\" content=\"article\" \/>\n<meta property=\"og:title\" content=\"Management - FORMRISE\" \/>\n<meta property=\"og:url\" content=\"https:\/\/formrise.com\/en\/management\" \/>\n<meta property=\"og:site_name\" content=\"FORMRISE\" \/>\n<meta property=\"article:publisher\" content=\"http:\/\/www.facebook.com\/formrise\" \/>\n<meta property=\"article:modified_time\" content=\"2015-02-27T12:44:17+00:00\" \/>\n<meta name=\"twitter:label1\" content=\"Est. reading time\" \/>\n\t<meta name=\"twitter:data1\" content=\"2 minutes\" \/>\n<script type=\"application\/ld+json\" class=\"yoast-schema-graph\">{\"@context\":\"https:\/\/schema.org\",\"@graph\":[{\"@type\":\"WebPage\",\"@id\":\"https:\/\/formrise.com\/en\/management\",\"url\":\"https:\/\/formrise.com\/en\/management\",\"name\":\"Management - FORMRISE\",\"isPartOf\":{\"@id\":\"https:\/\/formrise.com\/#website\"},\"datePublished\":\"2014-09-06T21:11:57+00:00\",\"dateModified\":\"2015-02-27T12:44:17+00:00\",\"breadcrumb\":{\"@id\":\"https:\/\/formrise.com\/en\/management#breadcrumb\"},\"inLanguage\":\"en-US\",\"potentialAction\":[{\"@type\":\"ReadAction\",\"target\":[\"https:\/\/formrise.com\/en\/management\"]}]},{\"@type\":\"BreadcrumbList\",\"@id\":\"https:\/\/formrise.com\/en\/management#breadcrumb\",\"itemListElement\":[{\"@type\":\"ListItem\",\"position\":1,\"name\":\"Home\",\"item\":\"https:\/\/formrise.com\/en\"},{\"@type\":\"ListItem\",\"position\":2,\"name\":\"Management\"}]},{\"@type\":\"WebSite\",\"@id\":\"https:\/\/formrise.com\/#website\",\"url\":\"https:\/\/formrise.com\/\",\"name\":\"FORMRISE\",\"description\":\"3D Solutions, Prototyping, Additive Manufacturing, Lasersintering\",\"publisher\":{\"@id\":\"https:\/\/formrise.com\/#organization\"},\"potentialAction\":[{\"@type\":\"SearchAction\",\"target\":{\"@type\":\"EntryPoint\",\"urlTemplate\":\"https:\/\/formrise.com\/?s={search_term_string}\"},\"query-input\":\"required name=search_term_string\"}],\"inLanguage\":\"en-US\"},{\"@type\":\"Organization\",\"@id\":\"https:\/\/formrise.com\/#organization\",\"name\":\"FORMRISE\",\"url\":\"https:\/\/formrise.com\/\",\"logo\":{\"@type\":\"ImageObject\",\"inLanguage\":\"en-US\",\"@id\":\"https:\/\/formrise.com\/#\/schema\/logo\/image\/\",\"url\":\"https:\/\/formrise.com\/deployment\/wp-content\/uploads\/2017\/04\/FR_65x53.jpg\",\"contentUrl\":\"https:\/\/formrise.com\/deployment\/wp-content\/uploads\/2017\/04\/FR_65x53.jpg\",\"width\":65,\"height\":53,\"caption\":\"FORMRISE\"},\"image\":{\"@id\":\"https:\/\/formrise.com\/#\/schema\/logo\/image\/\"},\"sameAs\":[\"https:\/\/www.xing.com\/companies\/formrisegmbh\",\"http:\/\/www.facebook.com\/formrise\",\"https:\/\/twitter.com\/FORMRISE\"]}]}<\/script>\n<!-- \/ Yoast SEO plugin. -->","yoast_head_json":{"title":"Management - FORMRISE","robots":{"index":"index","follow":"follow","max-snippet":"max-snippet:-1","max-image-preview":"max-image-preview:large","max-video-preview":"max-video-preview:-1"},"canonical":"https:\/\/formrise.com\/en\/management","og_locale":"en_US","og_type":"article","og_title":"Management - FORMRISE","og_url":"https:\/\/formrise.com\/en\/management","og_site_name":"FORMRISE","article_publisher":"http:\/\/www.facebook.com\/formrise","article_modified_time":"2015-02-27T12:44:17+00:00","twitter_misc":{"Est. reading time":"2 minutes"},"schema":{"@context":"https:\/\/schema.org","@graph":[{"@type":"WebPage","@id":"https:\/\/formrise.com\/en\/management","url":"https:\/\/formrise.com\/en\/management","name":"Management - FORMRISE","isPartOf":{"@id":"https:\/\/formrise.com\/#website"},"datePublished":"2014-09-06T21:11:57+00:00","dateModified":"2015-02-27T12:44:17+00:00","breadcrumb":{"@id":"https:\/\/formrise.com\/en\/management#breadcrumb"},"inLanguage":"en-US","potentialAction":[{"@type":"ReadAction","target":["https:\/\/formrise.com\/en\/management"]}]},{"@type":"BreadcrumbList","@id":"https:\/\/formrise.com\/en\/management#breadcrumb","itemListElement":[{"@type":"ListItem","position":1,"name":"Home","item":"https:\/\/formrise.com\/en"},{"@type":"ListItem","position":2,"name":"Management"}]},{"@type":"WebSite","@id":"https:\/\/formrise.com\/#website","url":"https:\/\/formrise.com\/","name":"FORMRISE","description":"3D Solutions, Prototyping, Additive Manufacturing, Lasersintering","publisher":{"@id":"https:\/\/formrise.com\/#organization"},"potentialAction":[{"@type":"SearchAction","target":{"@type":"EntryPoint","urlTemplate":"https:\/\/formrise.com\/?s={search_term_string}"},"query-input":"required name=search_term_string"}],"inLanguage":"en-US"},{"@type":"Organization","@id":"https:\/\/formrise.com\/#organization","name":"FORMRISE","url":"https:\/\/formrise.com\/","logo":{"@type":"ImageObject","inLanguage":"en-US","@id":"https:\/\/formrise.com\/#\/schema\/logo\/image\/","url":"https:\/\/formrise.com\/deployment\/wp-content\/uploads\/2017\/04\/FR_65x53.jpg","contentUrl":"https:\/\/formrise.com\/deployment\/wp-content\/uploads\/2017\/04\/FR_65x53.jpg","width":65,"height":53,"caption":"FORMRISE"},"image":{"@id":"https:\/\/formrise.com\/#\/schema\/logo\/image\/"},"sameAs":["https:\/\/www.xing.com\/companies\/formrisegmbh","http:\/\/www.facebook.com\/formrise","https:\/\/twitter.com\/FORMRISE"]}]}},"_links":{"self":[{"href":"https:\/\/formrise.com\/en\/wp-json\/wp\/v2\/pages\/3615"}],"collection":[{"href":"https:\/\/formrise.com\/en\/wp-json\/wp\/v2\/pages"}],"about":[{"href":"https:\/\/formrise.com\/en\/wp-json\/wp\/v2\/types\/page"}],"author":[{"embeddable":true,"href":"https:\/\/formrise.com\/en\/wp-json\/wp\/v2\/users\/1"}],"replies":[{"embeddable":true,"href":"https:\/\/formrise.com\/en\/wp-json\/wp\/v2\/comments?post=3615"}],"version-history":[{"count":2,"href":"https:\/\/formrise.com\/en\/wp-json\/wp\/v2\/pages\/3615\/revisions"}],"predecessor-version":[{"id":3617,"href":"https:\/\/formrise.com\/en\/wp-json\/wp\/v2\/pages\/3615\/revisions\/3617"}],"wp:attachment":[{"href":"https:\/\/formrise.com\/en\/wp-json\/wp\/v2\/media?parent=3615"}],"curies":[{"name":"wp","href":"https:\/\/api.w.org\/{rel}","templated":true}]}}